{"id":21,"date":"2010-05-05T16:45:14","date_gmt":"2010-05-05T20:45:14","guid":{"rendered":"http:\/\/www.rankmeup.com\/maja\/?page_id=21"},"modified":"2017-01-19T15:07:20","modified_gmt":"2017-01-19T19:07:20","slug":"the-artist","status":"publish","type":"page","link":"https:\/\/maja.ca\/en\/the-artist\/","title":{"rendered":"The Artist"},"content":{"rendered":"<div class=\"entry-content\">\n<p>Born in Split, Croatia in 1968, Maja Vodanovic moved to Montreal at the age of eight. A graduate in Art History from McGill University and also the Concordia School of Fine Arts, she has been exhibiting her work since 1990.<\/p>\n<p>Maja has been represented by Galerie Valentin since 1998.<\/p>\n<h2>The temporal perspective<\/h2>\n<p>In Vodanovic\u2019s recent work each painting is a historical construction, where characters and places, objects and texts evoke real and imaginary events. The motionless images are deliberate syntheses condensing in a two-dimensional frame a temporal perspective. This visual construction of memory is produced by a constant and deliberate work of synthesis performed by our consciousness and our dreams. With this work, we are able to orient ourselves in the chaotic stream of our experience. This fundamental dimension of our existence is represented in the theme as well as in the manner of Vodanovic\u2019s works.<\/p>\n<\/div>\n<h2>Exhibitions<\/h2>\n<p>2012: Still Life, Gevik Gallery, Hazelton Avenue, Toronto<br \/>\n2011: Solo, Unfolding time, Galerie Valentin, Montr\u00e9al<br \/>\n2010: Rideau Hall, Ottawa<br \/>\n2010: Lachine Cultural Center, L&#8217;Entrep\u00f4t<br \/>\n2009-2010: Galerie Vincent, Ottawa<br \/>\n2009-2010: Galerie Balzac, Toronto<br \/>\n2009: Croatian Embassy, Ottawa<br \/>\n2007: Solo, Galerie Valentin, Montr\u00e9al<br \/>\n2000-2012: The artist&#8217;s choice, Galerie Valentin, Montr\u00e9al<br \/>\n2006: Flora, Marc-Aur\u00e8le Fortin museum, Montr\u00e9al<br \/>\n2006:&nbsp; Websters Galleries, Calgary<br \/>\n2004:&nbsp; Solo, Galerie Valentin, Montr\u00e9al<br \/>\n1998-2012: Miniatures, Galerie Valentin, Montr\u00e9al<br \/>\n2003: Solo, Marc-Aur\u00e8le Fortin Museum, Montr\u00e9al<br \/>\n2002: Bar kao inspiracija umjetnika, Bar museum, Montenegro<br \/>\n2001-2012: Galerie Yvon Desgagn\u00e9s, Baie-Saint-Paul<br \/>\n1999: Autoportraits, Galerie Valentin, Montr\u00e9al<br \/>\n1999: Solo, Municipal Gallery, Kirkland<br \/>\n1998: Solo, Municipal Gallery, Beaconsfield<br \/>\n1997: Three Owls Studio &amp; Gallery, Vankleek Hill, Ontario<br \/>\n1996: Wilder &amp; Davis Gallery, Montr\u00e9al<br \/>\n1994: Alt\u00e9rit\u00e9, Maison de la Culture C\u00f4te-des-Neiges, Montr\u00e9al<br \/>\n1994: Solo, Thomson House, McGill University, Montr\u00e9al<br \/>\n1994: Collage, Galerie W, Complexe du Canal Lachine<br \/>\n1993: Solo, VAV Gallery, Concordia University, Montr\u00e9al<br \/>\n1990: Solo, Bar, Cetinje et Vleinj, city museums, Mont\u00e9negro<\/p>\n","protected":false},"excerpt":{"rendered":"<p>Born in Split, Croatia in 1968, Maja Vodanovic moved to Montreal at the age of eight. A graduate in Art History from McGill University and also the Concordia School of Fine Arts, she has been exhibiting her work since 1990. Maja has been represented by Galerie Valentin since 1998. The temporal perspective In Vodanovic\u2019s recent [&hellip;]<\/p>\n","protected":false},"author":1,"featured_media":0,"parent":0,"menu_order":7,"comment_status":"closed","ping_status":"closed","template":"","meta":{"ngg_post_thumbnail":0,"footnotes":""},"class_list":["post-21","page","type-page","status-publish","hentry"],"yoast_head":"<!-- This site is optimized with the Yoast SEO plugin v24.0 - https:\/\/yoast.com\/wordpress\/plugins\/seo\/ -->\n<title>The Artist - Maja Vodanovic<\/title>\n<meta name=\"robots\" content=\"index, follow, max-snippet:-1, max-image-preview:large, max-video-preview:-1\" \/>\n<link rel=\"canonical\" href=\"https:\/\/maja.ca\/en\/the-artist\/\" \/>\n<meta property=\"og:locale\" content=\"en_US\" \/>\n<meta property=\"og:type\" content=\"article\" \/>\n<meta property=\"og:title\" content=\"The Artist - Maja Vodanovic\" \/>\n<meta property=\"og:description\" content=\"Born in Split, Croatia in 1968, Maja Vodanovic moved to Montreal at the age of eight. A graduate in Art History from McGill University and also the Concordia School of Fine Arts, she has been exhibiting her work since 1990. Maja has been represented by Galerie Valentin since 1998. The temporal perspective In Vodanovic\u2019s recent [&hellip;]\" \/>\n<meta property=\"og:url\" content=\"https:\/\/maja.ca\/en\/the-artist\/\" \/>\n<meta property=\"og:site_name\" content=\"Maja Vodanovic\" \/>\n<meta property=\"article:modified_time\" content=\"2017-01-19T19:07:20+00:00\" \/>\n<meta name=\"twitter:label1\" content=\"Est. reading time\" \/>\n\t<meta name=\"twitter:data1\" content=\"2 minutes\" \/>\n<script type=\"application\/ld+json\" class=\"yoast-schema-graph\">{\"@context\":\"https:\/\/schema.org\",\"@graph\":[{\"@type\":\"WebPage\",\"@id\":\"https:\/\/maja.ca\/en\/the-artist\/\",\"url\":\"https:\/\/maja.ca\/en\/the-artist\/\",\"name\":\"The Artist - Maja Vodanovic\",\"isPartOf\":{\"@id\":\"https:\/\/maja.ca\/#website\"},\"datePublished\":\"2010-05-05T20:45:14+00:00\",\"dateModified\":\"2017-01-19T19:07:20+00:00\",\"breadcrumb\":{\"@id\":\"https:\/\/maja.ca\/en\/the-artist\/#breadcrumb\"},\"inLanguage\":\"en-US\",\"potentialAction\":[{\"@type\":\"ReadAction\",\"target\":[\"https:\/\/maja.ca\/en\/the-artist\/\"]}]},{\"@type\":\"BreadcrumbList\",\"@id\":\"https:\/\/maja.ca\/en\/the-artist\/#breadcrumb\",\"itemListElement\":[{\"@type\":\"ListItem\",\"position\":1,\"name\":\"Home\",\"item\":\"https:\/\/maja.ca\/en\/\"},{\"@type\":\"ListItem\",\"position\":2,\"name\":\"The Artist\"}]},{\"@type\":\"WebSite\",\"@id\":\"https:\/\/maja.ca\/#website\",\"url\":\"https:\/\/maja.ca\/\",\"name\":\"Maja Vodanovic\",\"description\":\"Borough councillor, painter and contemporary portraitist\",\"publisher\":{\"@id\":\"https:\/\/maja.ca\/#organization\"},\"potentialAction\":[{\"@type\":\"SearchAction\",\"target\":{\"@type\":\"EntryPoint\",\"urlTemplate\":\"https:\/\/maja.ca\/?s={search_term_string}\"},\"query-input\":{\"@type\":\"PropertyValueSpecification\",\"valueRequired\":true,\"valueName\":\"search_term_string\"}}],\"inLanguage\":\"en-US\"},{\"@type\":\"Organization\",\"@id\":\"https:\/\/maja.ca\/#organization\",\"name\":\"Maja Vodanovic\",\"url\":\"https:\/\/maja.ca\/\",\"logo\":{\"@type\":\"ImageObject\",\"inLanguage\":\"en-US\",\"@id\":\"https:\/\/maja.ca\/#\/schema\/logo\/image\/\",\"url\":\"https:\/\/maja.ca\/wp-content\/uploads\/2026\/03\/maya.jpg\",\"contentUrl\":\"https:\/\/maja.ca\/wp-content\/uploads\/2026\/03\/maya.jpg\",\"width\":925,\"height\":664,\"caption\":\"Maja Vodanovic\"},\"image\":{\"@id\":\"https:\/\/maja.ca\/#\/schema\/logo\/image\/\"}}]}<\/script>\n<!-- \/ Yoast SEO plugin. -->","yoast_head_json":{"title":"The Artist - Maja Vodanovic","robots":{"index":"index","follow":"follow","max-snippet":"max-snippet:-1","max-image-preview":"max-image-preview:large","max-video-preview":"max-video-preview:-1"},"canonical":"https:\/\/maja.ca\/en\/the-artist\/","og_locale":"en_US","og_type":"article","og_title":"The Artist - Maja Vodanovic","og_description":"Born in Split, Croatia in 1968, Maja Vodanovic moved to Montreal at the age of eight. A graduate in Art History from McGill University and also the Concordia School of Fine Arts, she has been exhibiting her work since 1990. Maja has been represented by Galerie Valentin since 1998. The temporal perspective In Vodanovic\u2019s recent [&hellip;]","og_url":"https:\/\/maja.ca\/en\/the-artist\/","og_site_name":"Maja Vodanovic","article_modified_time":"2017-01-19T19:07:20+00:00","twitter_misc":{"Est. reading time":"2 minutes"},"schema":{"@context":"https:\/\/schema.org","@graph":[{"@type":"WebPage","@id":"https:\/\/maja.ca\/en\/the-artist\/","url":"https:\/\/maja.ca\/en\/the-artist\/","name":"The Artist - Maja Vodanovic","isPartOf":{"@id":"https:\/\/maja.ca\/#website"},"datePublished":"2010-05-05T20:45:14+00:00","dateModified":"2017-01-19T19:07:20+00:00","breadcrumb":{"@id":"https:\/\/maja.ca\/en\/the-artist\/#breadcrumb"},"inLanguage":"en-US","potentialAction":[{"@type":"ReadAction","target":["https:\/\/maja.ca\/en\/the-artist\/"]}]},{"@type":"BreadcrumbList","@id":"https:\/\/maja.ca\/en\/the-artist\/#breadcrumb","itemListElement":[{"@type":"ListItem","position":1,"name":"Home","item":"https:\/\/maja.ca\/en\/"},{"@type":"ListItem","position":2,"name":"The Artist"}]},{"@type":"WebSite","@id":"https:\/\/maja.ca\/#website","url":"https:\/\/maja.ca\/","name":"Maja Vodanovic","description":"Borough councillor, painter and contemporary portraitist","publisher":{"@id":"https:\/\/maja.ca\/#organization"},"potentialAction":[{"@type":"SearchAction","target":{"@type":"EntryPoint","urlTemplate":"https:\/\/maja.ca\/?s={search_term_string}"},"query-input":{"@type":"PropertyValueSpecification","valueRequired":true,"valueName":"search_term_string"}}],"inLanguage":"en-US"},{"@type":"Organization","@id":"https:\/\/maja.ca\/#organization","name":"Maja Vodanovic","url":"https:\/\/maja.ca\/","logo":{"@type":"ImageObject","inLanguage":"en-US","@id":"https:\/\/maja.ca\/#\/schema\/logo\/image\/","url":"https:\/\/maja.ca\/wp-content\/uploads\/2026\/03\/maya.jpg","contentUrl":"https:\/\/maja.ca\/wp-content\/uploads\/2026\/03\/maya.jpg","width":925,"height":664,"caption":"Maja Vodanovic"},"image":{"@id":"https:\/\/maja.ca\/#\/schema\/logo\/image\/"}}]}},"_links":{"self":[{"href":"https:\/\/maja.ca\/en\/wp-json\/wp\/v2\/pages\/21","targetHints":{"allow":["GET"]}}],"collection":[{"href":"https:\/\/maja.ca\/en\/wp-json\/wp\/v2\/pages"}],"about":[{"href":"https:\/\/maja.ca\/en\/wp-json\/wp\/v2\/types\/page"}],"author":[{"embeddable":true,"href":"https:\/\/maja.ca\/en\/wp-json\/wp\/v2\/users\/1"}],"replies":[{"embeddable":true,"href":"https:\/\/maja.ca\/en\/wp-json\/wp\/v2\/comments?post=21"}],"version-history":[{"count":22,"href":"https:\/\/maja.ca\/en\/wp-json\/wp\/v2\/pages\/21\/revisions"}],"predecessor-version":[{"id":2368,"href":"https:\/\/maja.ca\/en\/wp-json\/wp\/v2\/pages\/21\/revisions\/2368"}],"wp:attachment":[{"href":"https:\/\/maja.ca\/en\/wp-json\/wp\/v2\/media?parent=21"}],"curies":[{"name":"wp","href":"https:\/\/api.w.org\/{rel}","templated":true}]}}