{"id":800,"date":"2011-10-04T17:50:32","date_gmt":"2011-10-04T21:50:32","guid":{"rendered":"http:\/\/maja.ca\/?page_id=800"},"modified":"2012-05-27T10:00:13","modified_gmt":"2012-05-27T14:00:13","slug":"st-remi","status":"publish","type":"page","link":"https:\/\/maja.ca\/en\/school\/st-remi\/","title":{"rendered":"The Fauna of the St Lawrence River &#8211; \u00c9cole St-R\u00e9mi"},"content":{"rendered":"<h3>The Fauna of the St Lawrence River &#8211; \u00c9cole St-R\u00e9mi<\/h3>\n<p>The students combined their luminous haiku peoms with their original interpretations of the St-Lawrence wildlife, conveying the connection which exists between them and the natural world.<\/p>\nngg_shortcode_0_placeholder\n<p>&nbsp;<\/p>\n<p>A public exhibition of their work was held at Centennial Hall, Beaconsfield and the Montreal Biosphere.<\/p>\n<p style=\"padding-left: 30px;\">See related article : <a title=\"Students keep environment issues afloat - The West Island Chronicle\" href=\"http:\/\/maja.ca\/press\/students-keep-environment-issues-afloat\/\">Students keep environment issues afloat<\/a><\/p>\n<p>In collaboration with Maja Vodanovic, teacher Carole Flexmann, urban planner Denis Chabot,\u00a0 biologist V\u00e9ronique Vendette, city cultural director Mich\u00e8le Janis, the children initiated a mission to clean up the Meadowbrook stream which runs by the school, 5 years later the stream is well on its way to recovery. Bravo to all who helped in this effort!<\/p>\n<p style=\"padding-left: 30px;\">See related article : <a title=\"Cit\u00e9s Nouvelles - J'ai un ruisseau qui ne veut pas mourir\" href=\"\/un-ruisseau-qui-ne-veut-pas-mourir\/\">J&#8217;ai un ruisseau qui ne veut pas mourir<\/a><\/p>\n","protected":false},"excerpt":{"rendered":"<p>The Fauna of the St Lawrence River &#8211; \u00c9cole St-R\u00e9mi The students combined their luminous haiku peoms with their original interpretations of the St-Lawrence wildlife, conveying the connection which exists between them and the natural world. &nbsp; A public exhibition of their work was held at Centennial Hall, Beaconsfield and the Montreal Biosphere. See related [&hellip;]<\/p>\n","protected":false},"author":2,"featured_media":0,"parent":805,"menu_order":0,"comment_status":"closed","ping_status":"closed","template":"","meta":{"ngg_post_thumbnail":0,"footnotes":""},"class_list":["post-800","page","type-page","status-publish","hentry"],"yoast_head":"<!-- This site is optimized with the Yoast SEO plugin v24.0 - https:\/\/yoast.com\/wordpress\/plugins\/seo\/ -->\n<title>The Fauna of the St Lawrence River - \u00c9cole St-R\u00e9mi - Maja Vodanovic<\/title>\n<meta name=\"robots\" content=\"index, follow, max-snippet:-1, max-image-preview:large, max-video-preview:-1\" \/>\n<link rel=\"canonical\" href=\"https:\/\/maja.ca\/projet-educatif\/ecole-st-remi\/\" \/>\n<meta property=\"og:locale\" content=\"en_US\" \/>\n<meta property=\"og:type\" content=\"article\" \/>\n<meta property=\"og:title\" content=\"The Fauna of the St Lawrence River - \u00c9cole St-R\u00e9mi - Maja Vodanovic\" \/>\n<meta property=\"og:description\" content=\"The Fauna of the St Lawrence River &#8211; \u00c9cole St-R\u00e9mi The students combined their luminous haiku peoms with their original interpretations of the St-Lawrence wildlife, conveying the connection which exists between them and the natural world. &nbsp; A public exhibition of their work was held at Centennial Hall, Beaconsfield and the Montreal Biosphere. See related [&hellip;]\" \/>\n<meta property=\"og:url\" content=\"https:\/\/maja.ca\/projet-educatif\/ecole-st-remi\/\" \/>\n<meta property=\"og:site_name\" content=\"Maja Vodanovic\" \/>\n<meta property=\"article:modified_time\" content=\"2012-05-27T14:00:13+00:00\" \/>\n<meta name=\"twitter:label1\" content=\"Est. reading time\" \/>\n\t<meta name=\"twitter:data1\" content=\"1 minute\" \/>\n<script type=\"application\/ld+json\" class=\"yoast-schema-graph\">{\"@context\":\"https:\/\/schema.org\",\"@graph\":[{\"@type\":\"WebPage\",\"@id\":\"https:\/\/maja.ca\/projet-educatif\/ecole-st-remi\/\",\"url\":\"https:\/\/maja.ca\/projet-educatif\/ecole-st-remi\/\",\"name\":\"The Fauna of the St Lawrence River - \u00c9cole St-R\u00e9mi - Maja Vodanovic\",\"isPartOf\":{\"@id\":\"https:\/\/maja.ca\/#website\"},\"datePublished\":\"2011-10-04T21:50:32+00:00\",\"dateModified\":\"2012-05-27T14:00:13+00:00\",\"breadcrumb\":{\"@id\":\"https:\/\/maja.ca\/projet-educatif\/ecole-st-remi\/#breadcrumb\"},\"inLanguage\":\"en-US\",\"potentialAction\":[{\"@type\":\"ReadAction\",\"target\":[\"https:\/\/maja.ca\/projet-educatif\/ecole-st-remi\/\"]}]},{\"@type\":\"BreadcrumbList\",\"@id\":\"https:\/\/maja.ca\/projet-educatif\/ecole-st-remi\/#breadcrumb\",\"itemListElement\":[{\"@type\":\"ListItem\",\"position\":1,\"name\":\"Home\",\"item\":\"https:\/\/maja.ca\/en\/\"},{\"@type\":\"ListItem\",\"position\":2,\"name\":\"Student Work\",\"item\":\"https:\/\/maja.ca\/en\/school\/\"},{\"@type\":\"ListItem\",\"position\":3,\"name\":\"The Fauna of the St Lawrence River &#8211; \u00c9cole St-R\u00e9mi\"}]},{\"@type\":\"WebSite\",\"@id\":\"https:\/\/maja.ca\/#website\",\"url\":\"https:\/\/maja.ca\/\",\"name\":\"Maja Vodanovic\",\"description\":\"Borough councillor, painter and contemporary portraitist\",\"publisher\":{\"@id\":\"https:\/\/maja.ca\/#organization\"},\"potentialAction\":[{\"@type\":\"SearchAction\",\"target\":{\"@type\":\"EntryPoint\",\"urlTemplate\":\"https:\/\/maja.ca\/?s={search_term_string}\"},\"query-input\":{\"@type\":\"PropertyValueSpecification\",\"valueRequired\":true,\"valueName\":\"search_term_string\"}}],\"inLanguage\":\"en-US\"},{\"@type\":\"Organization\",\"@id\":\"https:\/\/maja.ca\/#organization\",\"name\":\"Maja Vodanovic\",\"url\":\"https:\/\/maja.ca\/\",\"logo\":{\"@type\":\"ImageObject\",\"inLanguage\":\"en-US\",\"@id\":\"https:\/\/maja.ca\/#\/schema\/logo\/image\/\",\"url\":\"https:\/\/maja.ca\/wp-content\/uploads\/2026\/03\/maya.jpg\",\"contentUrl\":\"https:\/\/maja.ca\/wp-content\/uploads\/2026\/03\/maya.jpg\",\"width\":925,\"height\":664,\"caption\":\"Maja Vodanovic\"},\"image\":{\"@id\":\"https:\/\/maja.ca\/#\/schema\/logo\/image\/\"}}]}<\/script>\n<!-- \/ Yoast SEO plugin. -->","yoast_head_json":{"title":"The Fauna of the St Lawrence River - \u00c9cole St-R\u00e9mi - Maja Vodanovic","robots":{"index":"index","follow":"follow","max-snippet":"max-snippet:-1","max-image-preview":"max-image-preview:large","max-video-preview":"max-video-preview:-1"},"canonical":"https:\/\/maja.ca\/projet-educatif\/ecole-st-remi\/","og_locale":"en_US","og_type":"article","og_title":"The Fauna of the St Lawrence River - \u00c9cole St-R\u00e9mi - Maja Vodanovic","og_description":"The Fauna of the St Lawrence River &#8211; \u00c9cole St-R\u00e9mi The students combined their luminous haiku peoms with their original interpretations of the St-Lawrence wildlife, conveying the connection which exists between them and the natural world. &nbsp; A public exhibition of their work was held at Centennial Hall, Beaconsfield and the Montreal Biosphere. See related [&hellip;]","og_url":"https:\/\/maja.ca\/projet-educatif\/ecole-st-remi\/","og_site_name":"Maja Vodanovic","article_modified_time":"2012-05-27T14:00:13+00:00","twitter_misc":{"Est. reading time":"1 minute"},"schema":{"@context":"https:\/\/schema.org","@graph":[{"@type":"WebPage","@id":"https:\/\/maja.ca\/projet-educatif\/ecole-st-remi\/","url":"https:\/\/maja.ca\/projet-educatif\/ecole-st-remi\/","name":"The Fauna of the St Lawrence River - \u00c9cole St-R\u00e9mi - Maja Vodanovic","isPartOf":{"@id":"https:\/\/maja.ca\/#website"},"datePublished":"2011-10-04T21:50:32+00:00","dateModified":"2012-05-27T14:00:13+00:00","breadcrumb":{"@id":"https:\/\/maja.ca\/projet-educatif\/ecole-st-remi\/#breadcrumb"},"inLanguage":"en-US","potentialAction":[{"@type":"ReadAction","target":["https:\/\/maja.ca\/projet-educatif\/ecole-st-remi\/"]}]},{"@type":"BreadcrumbList","@id":"https:\/\/maja.ca\/projet-educatif\/ecole-st-remi\/#breadcrumb","itemListElement":[{"@type":"ListItem","position":1,"name":"Home","item":"https:\/\/maja.ca\/en\/"},{"@type":"ListItem","position":2,"name":"Student Work","item":"https:\/\/maja.ca\/en\/school\/"},{"@type":"ListItem","position":3,"name":"The Fauna of the St Lawrence River &#8211; \u00c9cole St-R\u00e9mi"}]},{"@type":"WebSite","@id":"https:\/\/maja.ca\/#website","url":"https:\/\/maja.ca\/","name":"Maja Vodanovic","description":"Borough councillor, painter and contemporary portraitist","publisher":{"@id":"https:\/\/maja.ca\/#organization"},"potentialAction":[{"@type":"SearchAction","target":{"@type":"EntryPoint","urlTemplate":"https:\/\/maja.ca\/?s={search_term_string}"},"query-input":{"@type":"PropertyValueSpecification","valueRequired":true,"valueName":"search_term_string"}}],"inLanguage":"en-US"},{"@type":"Organization","@id":"https:\/\/maja.ca\/#organization","name":"Maja Vodanovic","url":"https:\/\/maja.ca\/","logo":{"@type":"ImageObject","inLanguage":"en-US","@id":"https:\/\/maja.ca\/#\/schema\/logo\/image\/","url":"https:\/\/maja.ca\/wp-content\/uploads\/2026\/03\/maya.jpg","contentUrl":"https:\/\/maja.ca\/wp-content\/uploads\/2026\/03\/maya.jpg","width":925,"height":664,"caption":"Maja Vodanovic"},"image":{"@id":"https:\/\/maja.ca\/#\/schema\/logo\/image\/"}}]}},"_links":{"self":[{"href":"https:\/\/maja.ca\/en\/wp-json\/wp\/v2\/pages\/800","targetHints":{"allow":["GET"]}}],"collection":[{"href":"https:\/\/maja.ca\/en\/wp-json\/wp\/v2\/pages"}],"about":[{"href":"https:\/\/maja.ca\/en\/wp-json\/wp\/v2\/types\/page"}],"author":[{"embeddable":true,"href":"https:\/\/maja.ca\/en\/wp-json\/wp\/v2\/users\/2"}],"replies":[{"embeddable":true,"href":"https:\/\/maja.ca\/en\/wp-json\/wp\/v2\/comments?post=800"}],"version-history":[{"count":11,"href":"https:\/\/maja.ca\/en\/wp-json\/wp\/v2\/pages\/800\/revisions"}],"predecessor-version":[{"id":1501,"href":"https:\/\/maja.ca\/en\/wp-json\/wp\/v2\/pages\/800\/revisions\/1501"}],"up":[{"embeddable":true,"href":"https:\/\/maja.ca\/en\/wp-json\/wp\/v2\/pages\/805"}],"wp:attachment":[{"href":"https:\/\/maja.ca\/en\/wp-json\/wp\/v2\/media?parent=800"}],"curies":[{"name":"wp","href":"https:\/\/api.w.org\/{rel}","templated":true}]}}